{"id":389,"date":"2024-05-27T17:33:44","date_gmt":"2024-05-27T17:33:44","guid":{"rendered":"https:\/\/wardcafeqtr.com\/?post_type=product&#038;p=389"},"modified":"2025-01-28T00:15:13","modified_gmt":"2025-01-27T21:15:13","slug":"%d9%85%d9%86%d9%8a%d9%88-%d8%a7%d9%84%d9%82%d9%87%d9%88%d8%a9","status":"publish","type":"product","link":"https:\/\/wardcafeqtr.com\/en\/product\/%d9%85%d9%86%d9%8a%d9%88-%d8%a7%d9%84%d9%82%d9%87%d9%88%d8%a9\/","title":{"rendered":"Coffee Menu"},"content":{"rendered":"","protected":false},"excerpt":{"rendered":"<p><strong>The coffee menu offers a wide variety of hot and cold drinks and coffee\u00a0<\/strong><\/p>\n<p><strong>Espresso Based :<\/strong><br \/>\nOriginal espresso<br \/>\nEspresso Lungo<br \/>\nAmericano<br \/>\nCortado<br \/>\nFlat white<br \/>\nCappuccino latte<\/p>\n<p><strong>Our special winter drinks:<\/strong><\/p>\n<p>Hot chocolate<br \/>\nWarm hazelnut drink<br \/>\nCr\u00e8me br\u00fbl\u00e9e latte<br \/>\nTiramisu Latte<\/p>\n<p><strong>Mojito:<\/strong><\/p>\n<p>Singture rose mojito<br \/>\nLavender mojito<br \/>\nBlue Lagoon Mojito<br \/>\nRose Mojito<br \/>\nClassic mojito<\/p>\n<p><strong>Flavored coffee :<\/strong><\/p>\n<p>Spanish latte<br \/>\nRose latte<br \/>\nPistachio latte<br \/>\n\u0644\u0627\u0641\u0646\u062f\u0631 \u0644\u0627\u062a\u064a\u0647 \/ \u0641\u0627\u0646\u064a\u0644\u0627 \u0644\u0627\u062a\u064a\u0647<br \/>\nCaramel latte<br \/>\nSalted caramel latte<\/p>\n<p><strong>Cold drinks:<\/strong><\/p>\n<p>Hibiscus<br \/>\nVimto Lemonade<br \/>\nMatcha Original<br \/>\nStrawberry matcha<br \/>\nMatcha with mango<\/p>\n<p>The price includes coffee service for guests<br \/>\nService duration is 5 hours + one hour for preparation<\/p>","protected":false},"featured_media":1401,"comment_status":"closed","ping_status":"closed","template":"","meta":{"_acf_changed":false,"_eb_attr":""},"product_brand":[],"product_cat":[32],"product_tag":[],"class_list":{"0":"post-389","1":"product","2":"type-product","3":"status-publish","4":"has-post-thumbnail","6":"product_cat-32","8":"first","9":"instock","10":"sold-individually","11":"shipping-taxable","12":"purchasable","13":"product-type-simple"},"acf":[],"_links":{"self":[{"href":"https:\/\/wardcafeqtr.com\/en\/wp-json\/wp\/v2\/product\/389","targetHints":{"allow":["GET"]}}],"collection":[{"href":"https:\/\/wardcafeqtr.com\/en\/wp-json\/wp\/v2\/product"}],"about":[{"href":"https:\/\/wardcafeqtr.com\/en\/wp-json\/wp\/v2\/types\/product"}],"replies":[{"embeddable":true,"href":"https:\/\/wardcafeqtr.com\/en\/wp-json\/wp\/v2\/comments?post=389"}],"version-history":[{"count":1,"href":"https:\/\/wardcafeqtr.com\/en\/wp-json\/wp\/v2\/product\/389\/revisions"}],"predecessor-version":[{"id":1054,"href":"https:\/\/wardcafeqtr.com\/en\/wp-json\/wp\/v2\/product\/389\/revisions\/1054"}],"wp:featuredmedia":[{"embeddable":true,"href":"https:\/\/wardcafeqtr.com\/en\/wp-json\/wp\/v2\/media\/1401"}],"wp:attachment":[{"href":"https:\/\/wardcafeqtr.com\/en\/wp-json\/wp\/v2\/media?parent=389"}],"wp:term":[{"taxonomy":"product_brand","embeddable":true,"href":"https:\/\/wardcafeqtr.com\/en\/wp-json\/wp\/v2\/product_brand?post=389"},{"taxonomy":"product_cat","embeddable":true,"href":"https:\/\/wardcafeqtr.com\/en\/wp-json\/wp\/v2\/product_cat?post=389"},{"taxonomy":"product_tag","embeddable":true,"href":"https:\/\/wardcafeqtr.com\/en\/wp-json\/wp\/v2\/product_tag?post=389"}],"curies":[{"name":"wp","href":"https:\/\/api.w.org\/{rel}","templated":true}]}}